{"id":1011,"date":"2020-05-29T14:39:20","date_gmt":"2020-05-29T13:39:20","guid":{"rendered":"https:\/\/www.barproject.it\/?page_id=1011"},"modified":"2021-03-10T16:05:01","modified_gmt":"2021-03-10T15:05:01","slug":"la-cachanchara-trani","status":"publish","type":"page","link":"https:\/\/www.barproject.it\/en\/consulting\/la-cachanchara-trani\/","title":{"rendered":"La Cach\u00e0nchara"},"content":{"rendered":"\n<div class=\"wp-block-columns is-layout-flex wp-container-core-columns-is-layout-1 wp-block-columns-is-layout-flex\">\n<div class=\"wp-block-column is-layout-flow wp-block-column-is-layout-flow\" style=\"flex-basis:50%\">\n<figure class=\"wp-block-image size-full\"><img loading=\"lazy\" decoding=\"async\" width=\"960\" height=\"640\" src=\"https:\/\/www.barproject.it\/wp-content\/uploads\/2020\/05\/La-Cachanchara-locale.jpg\" alt=\"\" class=\"wp-image-1012\" srcset=\"https:\/\/www.barproject.it\/wp-content\/uploads\/2020\/05\/La-Cachanchara-locale.jpg 960w, https:\/\/www.barproject.it\/wp-content\/uploads\/2020\/05\/La-Cachanchara-locale-300x200.jpg 300w, https:\/\/www.barproject.it\/wp-content\/uploads\/2020\/05\/La-Cachanchara-locale-768x512.jpg 768w, https:\/\/www.barproject.it\/wp-content\/uploads\/2020\/05\/La-Cachanchara-locale-219x146.jpg 219w, https:\/\/www.barproject.it\/wp-content\/uploads\/2020\/05\/La-Cachanchara-locale-50x33.jpg 50w, https:\/\/www.barproject.it\/wp-content\/uploads\/2020\/05\/La-Cachanchara-locale-113x75.jpg 113w, https:\/\/www.barproject.it\/wp-content\/uploads\/2020\/05\/La-Cachanchara-locale-600x400.jpg 600w\" sizes=\"(max-width: 960px) 100vw, 960px\" \/><\/figure>\n<\/div>\n\n\n\n<div class=\"wp-block-column is-layout-flow wp-block-column-is-layout-flow\" style=\"flex-basis:50%\">\n<p>Consulenza per la progettazione di una drink list tailor made dedicata a La Cach\u00e0nchara, cocktail bar situato a Trani e specializzato in drink tiki. <a href=\"https:\/\/www.facebook.com\/lacachanchara\/\" target=\"_blank\">Visita il sito<\/a>.<\/p>\n\n\n\n<p><strong>Attivit\u00e0 svolte<\/strong><\/p>\n\n\n\n<ul class=\"wp-block-list\">\n<li>Studio sull&#8217;identit\u00e0<\/li>\n\n\n\n<li>Laboratorio di ricerca<\/li>\n\n\n\n<li>Progettazione drink list<\/li>\n\n\n\n<li>Drink cost e reportistica<\/li>\n\n\n\n<li>Storytelling men\u00f9<\/li>\n\n\n\n<li>Presentazione pre opening<\/li>\n<\/ul>\n<\/div>\n<\/div>\n\n\n\n<hr class=\"wp-block-separator aligncenter has-alpha-channel-opacity\"\/>\n\n\n\n<h2 class=\"wp-block-heading\">Drink list La Cach\u00e0nchara<\/h2>\n\n\n\n<div class=\"wp-block-group is-content-justification-center is-nowrap is-layout-flex wp-container-core-group-is-layout-1 wp-block-group-is-layout-flex\">\n<figure class=\"wp-block-gallery has-nested-images columns-4 is-cropped wp-block-gallery-1 is-layout-flex wp-block-gallery-is-layout-flex\">\n<figure class=\"wp-block-image size-full\"><img loading=\"lazy\" decoding=\"async\" width=\"960\" height=\"959\" src=\"https:\/\/www.barproject.it\/wp-content\/uploads\/2020\/05\/Cachanchara-6.jpg\" alt=\"\" class=\"wp-image-938\" srcset=\"https:\/\/www.barproject.it\/wp-content\/uploads\/2020\/05\/Cachanchara-6.jpg 960w, https:\/\/www.barproject.it\/wp-content\/uploads\/2020\/05\/Cachanchara-6-300x300.jpg 300w, https:\/\/www.barproject.it\/wp-content\/uploads\/2020\/05\/Cachanchara-6-150x150.jpg 150w, https:\/\/www.barproject.it\/wp-content\/uploads\/2020\/05\/Cachanchara-6-768x767.jpg 768w, https:\/\/www.barproject.it\/wp-content\/uploads\/2020\/05\/Cachanchara-6-75x75.jpg 75w, https:\/\/www.barproject.it\/wp-content\/uploads\/2020\/05\/Cachanchara-6-146x146.jpg 146w, https:\/\/www.barproject.it\/wp-content\/uploads\/2020\/05\/Cachanchara-6-50x50.jpg 50w, https:\/\/www.barproject.it\/wp-content\/uploads\/2020\/05\/Cachanchara-6-85x85.jpg 85w, https:\/\/www.barproject.it\/wp-content\/uploads\/2020\/05\/Cachanchara-6-80x80.jpg 80w, https:\/\/www.barproject.it\/wp-content\/uploads\/2020\/05\/Cachanchara-6-600x599.jpg 600w\" sizes=\"(max-width: 960px) 100vw, 960px\" \/><\/figure>\n\n\n\n<figure class=\"wp-block-image size-full\"><img loading=\"lazy\" decoding=\"async\" width=\"960\" height=\"960\" src=\"https:\/\/www.barproject.it\/wp-content\/uploads\/2020\/05\/Cachanchara-5.jpg\" alt=\"\" class=\"wp-image-937\" srcset=\"https:\/\/www.barproject.it\/wp-content\/uploads\/2020\/05\/Cachanchara-5.jpg 960w, https:\/\/www.barproject.it\/wp-content\/uploads\/2020\/05\/Cachanchara-5-300x300.jpg 300w, https:\/\/www.barproject.it\/wp-content\/uploads\/2020\/05\/Cachanchara-5-150x150.jpg 150w, https:\/\/www.barproject.it\/wp-content\/uploads\/2020\/05\/Cachanchara-5-768x768.jpg 768w, https:\/\/www.barproject.it\/wp-content\/uploads\/2020\/05\/Cachanchara-5-75x75.jpg 75w, https:\/\/www.barproject.it\/wp-content\/uploads\/2020\/05\/Cachanchara-5-146x146.jpg 146w, https:\/\/www.barproject.it\/wp-content\/uploads\/2020\/05\/Cachanchara-5-50x50.jpg 50w, https:\/\/www.barproject.it\/wp-content\/uploads\/2020\/05\/Cachanchara-5-85x85.jpg 85w, https:\/\/www.barproject.it\/wp-content\/uploads\/2020\/05\/Cachanchara-5-80x80.jpg 80w, https:\/\/www.barproject.it\/wp-content\/uploads\/2020\/05\/Cachanchara-5-600x600.jpg 600w\" sizes=\"(max-width: 960px) 100vw, 960px\" \/><\/figure>\n\n\n\n<figure class=\"wp-block-image size-full\"><img loading=\"lazy\" decoding=\"async\" width=\"960\" height=\"960\" src=\"https:\/\/www.barproject.it\/wp-content\/uploads\/2020\/05\/Cachanchara-4.jpg\" alt=\"\" class=\"wp-image-936\" srcset=\"https:\/\/www.barproject.it\/wp-content\/uploads\/2020\/05\/Cachanchara-4.jpg 960w, https:\/\/www.barproject.it\/wp-content\/uploads\/2020\/05\/Cachanchara-4-300x300.jpg 300w, https:\/\/www.barproject.it\/wp-content\/uploads\/2020\/05\/Cachanchara-4-150x150.jpg 150w, https:\/\/www.barproject.it\/wp-content\/uploads\/2020\/05\/Cachanchara-4-768x768.jpg 768w, https:\/\/www.barproject.it\/wp-content\/uploads\/2020\/05\/Cachanchara-4-75x75.jpg 75w, https:\/\/www.barproject.it\/wp-content\/uploads\/2020\/05\/Cachanchara-4-146x146.jpg 146w, https:\/\/www.barproject.it\/wp-content\/uploads\/2020\/05\/Cachanchara-4-50x50.jpg 50w, https:\/\/www.barproject.it\/wp-content\/uploads\/2020\/05\/Cachanchara-4-85x85.jpg 85w, https:\/\/www.barproject.it\/wp-content\/uploads\/2020\/05\/Cachanchara-4-80x80.jpg 80w, https:\/\/www.barproject.it\/wp-content\/uploads\/2020\/05\/Cachanchara-4-600x600.jpg 600w\" sizes=\"(max-width: 960px) 100vw, 960px\" \/><\/figure>\n\n\n\n<figure class=\"wp-block-image size-full\"><img loading=\"lazy\" decoding=\"async\" width=\"960\" height=\"960\" src=\"https:\/\/www.barproject.it\/wp-content\/uploads\/2020\/05\/Cachanchara-3.jpg\" alt=\"\" class=\"wp-image-935\" srcset=\"https:\/\/www.barproject.it\/wp-content\/uploads\/2020\/05\/Cachanchara-3.jpg 960w, https:\/\/www.barproject.it\/wp-content\/uploads\/2020\/05\/Cachanchara-3-300x300.jpg 300w, https:\/\/www.barproject.it\/wp-content\/uploads\/2020\/05\/Cachanchara-3-150x150.jpg 150w, https:\/\/www.barproject.it\/wp-content\/uploads\/2020\/05\/Cachanchara-3-768x768.jpg 768w, https:\/\/www.barproject.it\/wp-content\/uploads\/2020\/05\/Cachanchara-3-75x75.jpg 75w, https:\/\/www.barproject.it\/wp-content\/uploads\/2020\/05\/Cachanchara-3-146x146.jpg 146w, https:\/\/www.barproject.it\/wp-content\/uploads\/2020\/05\/Cachanchara-3-50x50.jpg 50w, https:\/\/www.barproject.it\/wp-content\/uploads\/2020\/05\/Cachanchara-3-85x85.jpg 85w, https:\/\/www.barproject.it\/wp-content\/uploads\/2020\/05\/Cachanchara-3-80x80.jpg 80w, https:\/\/www.barproject.it\/wp-content\/uploads\/2020\/05\/Cachanchara-3-600x600.jpg 600w\" sizes=\"(max-width: 960px) 100vw, 960px\" \/><\/figure>\n\n\n\n<figure class=\"wp-block-image size-full\"><img loading=\"lazy\" decoding=\"async\" width=\"960\" height=\"960\" src=\"https:\/\/www.barproject.it\/wp-content\/uploads\/2020\/05\/Cachanchara-2.jpg\" alt=\"\" class=\"wp-image-934\" srcset=\"https:\/\/www.barproject.it\/wp-content\/uploads\/2020\/05\/Cachanchara-2.jpg 960w, https:\/\/www.barproject.it\/wp-content\/uploads\/2020\/05\/Cachanchara-2-300x300.jpg 300w, https:\/\/www.barproject.it\/wp-content\/uploads\/2020\/05\/Cachanchara-2-150x150.jpg 150w, https:\/\/www.barproject.it\/wp-content\/uploads\/2020\/05\/Cachanchara-2-768x768.jpg 768w, https:\/\/www.barproject.it\/wp-content\/uploads\/2020\/05\/Cachanchara-2-75x75.jpg 75w, https:\/\/www.barproject.it\/wp-content\/uploads\/2020\/05\/Cachanchara-2-146x146.jpg 146w, https:\/\/www.barproject.it\/wp-content\/uploads\/2020\/05\/Cachanchara-2-50x50.jpg 50w, https:\/\/www.barproject.it\/wp-content\/uploads\/2020\/05\/Cachanchara-2-85x85.jpg 85w, https:\/\/www.barproject.it\/wp-content\/uploads\/2020\/05\/Cachanchara-2-80x80.jpg 80w, https:\/\/www.barproject.it\/wp-content\/uploads\/2020\/05\/Cachanchara-2-600x600.jpg 600w\" sizes=\"(max-width: 960px) 100vw, 960px\" \/><\/figure>\n\n\n\n<figure class=\"wp-block-image size-full\"><img loading=\"lazy\" decoding=\"async\" width=\"960\" height=\"960\" src=\"https:\/\/www.barproject.it\/wp-content\/uploads\/2020\/05\/Cachanchara-1.jpg\" alt=\"\" class=\"wp-image-933\" srcset=\"https:\/\/www.barproject.it\/wp-content\/uploads\/2020\/05\/Cachanchara-1.jpg 960w, https:\/\/www.barproject.it\/wp-content\/uploads\/2020\/05\/Cachanchara-1-300x300.jpg 300w, https:\/\/www.barproject.it\/wp-content\/uploads\/2020\/05\/Cachanchara-1-150x150.jpg 150w, https:\/\/www.barproject.it\/wp-content\/uploads\/2020\/05\/Cachanchara-1-768x768.jpg 768w, https:\/\/www.barproject.it\/wp-content\/uploads\/2020\/05\/Cachanchara-1-75x75.jpg 75w, https:\/\/www.barproject.it\/wp-content\/uploads\/2020\/05\/Cachanchara-1-146x146.jpg 146w, https:\/\/www.barproject.it\/wp-content\/uploads\/2020\/05\/Cachanchara-1-50x50.jpg 50w, https:\/\/www.barproject.it\/wp-content\/uploads\/2020\/05\/Cachanchara-1-85x85.jpg 85w, https:\/\/www.barproject.it\/wp-content\/uploads\/2020\/05\/Cachanchara-1-80x80.jpg 80w, https:\/\/www.barproject.it\/wp-content\/uploads\/2020\/05\/Cachanchara-1-600x600.jpg 600w\" sizes=\"(max-width: 960px) 100vw, 960px\" \/><\/figure>\n<\/figure>\n<\/div>\n\n    <div class=\"xs_social_share_widget xs_share_url after_content \t\tmain_content  wslu-style-1 wslu-share-box-shaped wslu-fill-colored wslu-none wslu-share-horizontal wslu-theme-font-no wslu-main_content\">\n\n\t\t\n        <ul>\n\t\t\t        <\/ul>\n    <\/div> \n","protected":false},"excerpt":{"rendered":"<p>Consulenza per la progettazione di una drink list tailor made dedicata a La Cach\u00e0nchara, cocktail bar situato a Trani e specializzato in drink tiki. Visita il sito. Attivit\u00e0 svolte Drink list La Cach\u00e0nchara [&#8230;]<\/p>\n<p><a class=\"btn btn-secondary understrap-read-more-link\" href=\"https:\/\/www.barproject.it\/en\/consulting\/la-cachanchara-trani\/\">Read More&#8230;<span class=\"screen-reader-text\"> from La Cach\u00e0nchara<\/span><\/a><\/p>\n","protected":false},"author":1,"featured_media":0,"parent":342,"menu_order":0,"comment_status":"closed","ping_status":"closed","template":"","meta":{"_acf_changed":false,"pmpro_default_level":"","footnotes":""},"class_list":["post-1011","page","type-page","status-publish","hentry","pmpro-has-access"],"acf":[],"yoast_head":"<!-- This site is optimized with the Yoast SEO plugin v23.1 - https:\/\/yoast.com\/wordpress\/plugins\/seo\/ -->\n<title>La Cach\u00e0nchara - Barproject Academy<\/title>\n<meta name=\"robots\" content=\"index, follow, max-snippet:-1, max-image-preview:large, max-video-preview:-1\" \/>\n<link rel=\"canonical\" href=\"https:\/\/www.barproject.it\/consulting\/la-cachanchara-trani\/\" \/>\n<script type=\"application\/ld+json\" class=\"yoast-schema-graph\">{\"@context\":\"https:\/\/schema.org\",\"@graph\":[{\"@type\":\"BreadcrumbList\",\"@id\":\"https:\/\/www.barproject.it\/consulting\/la-cachanchara-trani\/#breadcrumb\",\"itemListElement\":[{\"@type\":\"ListItem\",\"position\":1,\"name\":\"Home\",\"item\":\"https:\/\/www.barproject.it\/\"},{\"@type\":\"ListItem\",\"position\":2,\"name\":\"Consulting\",\"item\":\"https:\/\/www.barproject.it\/consulting\/\"},{\"@type\":\"ListItem\",\"position\":3,\"name\":\"La Cach\u00e0nchara\"}]}]}<\/script>\n<!-- \/ Yoast SEO plugin. -->","yoast_head_json":{"title":"La Cach\u00e0nchara - Barproject Academy","robots":{"index":"index","follow":"follow","max-snippet":"max-snippet:-1","max-image-preview":"max-image-preview:large","max-video-preview":"max-video-preview:-1"},"canonical":"https:\/\/www.barproject.it\/consulting\/la-cachanchara-trani\/","schema":{"@context":"https:\/\/schema.org","@graph":[{"@type":"BreadcrumbList","@id":"https:\/\/www.barproject.it\/consulting\/la-cachanchara-trani\/#breadcrumb","itemListElement":[{"@type":"ListItem","position":1,"name":"Home","item":"https:\/\/www.barproject.it\/"},{"@type":"ListItem","position":2,"name":"Consulting","item":"https:\/\/www.barproject.it\/consulting\/"},{"@type":"ListItem","position":3,"name":"La Cach\u00e0nchara"}]}]}},"_links":{"self":[{"href":"https:\/\/www.barproject.it\/en\/wp-json\/wp\/v2\/pages\/1011"}],"collection":[{"href":"https:\/\/www.barproject.it\/en\/wp-json\/wp\/v2\/pages"}],"about":[{"href":"https:\/\/www.barproject.it\/en\/wp-json\/wp\/v2\/types\/page"}],"author":[{"embeddable":true,"href":"https:\/\/www.barproject.it\/en\/wp-json\/wp\/v2\/users\/1"}],"replies":[{"embeddable":true,"href":"https:\/\/www.barproject.it\/en\/wp-json\/wp\/v2\/comments?post=1011"}],"version-history":[{"count":0,"href":"https:\/\/www.barproject.it\/en\/wp-json\/wp\/v2\/pages\/1011\/revisions"}],"up":[{"embeddable":true,"href":"https:\/\/www.barproject.it\/en\/wp-json\/wp\/v2\/pages\/342"}],"wp:attachment":[{"href":"https:\/\/www.barproject.it\/en\/wp-json\/wp\/v2\/media?parent=1011"}],"curies":[{"name":"wp","href":"https:\/\/api.w.org\/{rel}","templated":true}]}}