{"id":1254,"date":"2020-06-15T12:35:06","date_gmt":"2020-06-15T11:35:06","guid":{"rendered":"https:\/\/www.barproject.it\/?post_type=product&#038;p=1254"},"modified":"2024-04-15T16:13:29","modified_gmt":"2024-04-15T15:13:29","slug":"macchina-espresso-elektra-kup-2-gruppi","status":"publish","type":"product","link":"https:\/\/www.barproject.it\/en\/shop\/macchina-espresso-elektra-kup-2-gruppi\/","title":{"rendered":"Macchina Espresso Elektra &#8211; \u201cKUP\u201d (2 gruppi)"},"content":{"rendered":"<p>Bellezza e funzionalit\u00e0 rendono KUP, macchina da caff\u00e8 automatica per bar, un punto di riferimento per il barista di oggi amante delle forme minimaliste, impreziosita dai fianchi luminosi e plus tecnologicamente all\u2019avanguardia, in grado di produrre un caff\u00e8 di qualit\u00e0 superiore. KUP dispone di un controllo della temperatura dei gruppi erogatori da primato, di un sistema di depurazione dell\u2019acqua brevettato che la rende ineguagliabile senza paura di confronti in qualsiasi competizione. La gestione integrata dei consumi e dei dati di utilizzo sono elementi indispensabili per chi considera la qualit\u00e0 di una macchina da caff\u00e8 un segno di distinzione. Misure: Altezza 46cm &#8211; Larghezza 86cm &#8211; Profondit\u00e0 56cm &#8211; Peso 68kg<\/p>\n\n    <div class=\"xs_social_share_widget xs_share_url after_content \t\tmain_content  wslu-style-1 wslu-share-box-shaped wslu-fill-colored wslu-none wslu-share-horizontal wslu-theme-font-no wslu-main_content\">\n\n\t\t\n        <ul>\n\t\t\t        <\/ul>\n    <\/div> \n","protected":false},"excerpt":{"rendered":"<p>Bellezza e funzionalit\u00e0 rendono KUP, macchina da caff\u00e8 automatica per bar, un punto di riferimento per il barista di oggi amante delle forme minimaliste [&#8230;]<\/p>\n<p><a class=\"btn btn-secondary understrap-read-more-link\" href=\"https:\/\/www.barproject.it\/en\/shop\/macchina-espresso-elektra-kup-2-gruppi\/\">Read More&#8230;<span class=\"screen-reader-text\"> from Macchina Espresso Elektra &#8211; \u201cKUP\u201d (2 gruppi)<\/span><\/a><\/p>\n","protected":false},"featured_media":1255,"template":"","meta":{"_acf_changed":false,"pmpro_default_level":""},"product_cat":[28,23],"product_tag":[],"class_list":{"0":"post-1254","1":"product","2":"type-product","3":"status-publish","4":"has-post-thumbnail","6":"product_cat-attrezzature-professionali","7":"product_cat-shop","8":"pmpro-has-access","9":"post","11":"first","12":"instock","13":"shipping-taxable","14":"purchasable","15":"product-type-simple"},"acf":[],"yoast_head":"<!-- This site is optimized with the Yoast SEO plugin v23.1 - https:\/\/yoast.com\/wordpress\/plugins\/seo\/ -->\n<title>Macchina Espresso Elektra - \u201cKUP\u201d (2 gruppi)[:] - Barproject Academy<\/title>\n<meta name=\"description\" content=\"Bellezza e funzionalit\u00e0 rendono KUP, macchina da caff\u00e8 automatica per bar, un punto di riferimento per il barista di oggi amante delle forme minimaliste\" \/>\n<meta name=\"robots\" content=\"index, follow, max-snippet:-1, max-image-preview:large, max-video-preview:-1\" \/>\n<link rel=\"canonical\" href=\"https:\/\/www.barproject.it\/shop\/macchina-espresso-elektra-kup-2-gruppi\/\" \/>\n<script type=\"application\/ld+json\" class=\"yoast-schema-graph\">{\"@context\":\"https:\/\/schema.org\",\"@graph\":[{\"@type\":\"BreadcrumbList\",\"@id\":\"https:\/\/www.barproject.it\/shop\/macchina-espresso-elektra-kup-2-gruppi\/#breadcrumb\",\"itemListElement\":[{\"@type\":\"ListItem\",\"position\":1,\"name\":\"Home\",\"item\":\"https:\/\/www.barproject.it\/\"},{\"@type\":\"ListItem\",\"position\":2,\"name\":\"Products\",\"item\":\"https:\/\/www.barproject.it\/en\/shop\/\"},{\"@type\":\"ListItem\",\"position\":3,\"name\":\"Macchina Espresso Elektra &#8211; \u201cKUP\u201d (2 gruppi)\"}]}]}<\/script>\n<!-- \/ Yoast SEO plugin. -->","yoast_head_json":{"title":"Macchina Espresso Elektra - \u201cKUP\u201d (2 gruppi)[:] - Barproject Academy","description":"Bellezza e funzionalit\u00e0 rendono KUP, macchina da caff\u00e8 automatica per bar, un punto di riferimento per il barista di oggi amante delle forme minimaliste","robots":{"index":"index","follow":"follow","max-snippet":"max-snippet:-1","max-image-preview":"max-image-preview:large","max-video-preview":"max-video-preview:-1"},"canonical":"https:\/\/www.barproject.it\/shop\/macchina-espresso-elektra-kup-2-gruppi\/","schema":{"@context":"https:\/\/schema.org","@graph":[{"@type":"BreadcrumbList","@id":"https:\/\/www.barproject.it\/shop\/macchina-espresso-elektra-kup-2-gruppi\/#breadcrumb","itemListElement":[{"@type":"ListItem","position":1,"name":"Home","item":"https:\/\/www.barproject.it\/"},{"@type":"ListItem","position":2,"name":"Products","item":"https:\/\/www.barproject.it\/en\/shop\/"},{"@type":"ListItem","position":3,"name":"Macchina Espresso Elektra &#8211; \u201cKUP\u201d (2 gruppi)"}]}]}},"_links":{"self":[{"href":"https:\/\/www.barproject.it\/en\/wp-json\/wp\/v2\/product\/1254"}],"collection":[{"href":"https:\/\/www.barproject.it\/en\/wp-json\/wp\/v2\/product"}],"about":[{"href":"https:\/\/www.barproject.it\/en\/wp-json\/wp\/v2\/types\/product"}],"wp:featuredmedia":[{"embeddable":true,"href":"https:\/\/www.barproject.it\/en\/wp-json\/wp\/v2\/media\/1255"}],"wp:attachment":[{"href":"https:\/\/www.barproject.it\/en\/wp-json\/wp\/v2\/media?parent=1254"}],"wp:term":[{"taxonomy":"product_cat","embeddable":true,"href":"https:\/\/www.barproject.it\/en\/wp-json\/wp\/v2\/product_cat?post=1254"},{"taxonomy":"product_tag","embeddable":true,"href":"https:\/\/www.barproject.it\/en\/wp-json\/wp\/v2\/product_tag?post=1254"}],"curies":[{"name":"wp","href":"https:\/\/api.w.org\/{rel}","templated":true}]}}