{"id":1425,"date":"2020-10-07T11:55:02","date_gmt":"2020-10-07T10:55:02","guid":{"rendered":"https:\/\/www.barproject.it\/?post_type=product&#038;p=1425"},"modified":"2024-04-15T16:24:18","modified_gmt":"2024-04-15T15:24:18","slug":"te-storia-terroir-varieta","status":"publish","type":"product","link":"https:\/\/www.barproject.it\/en\/shop\/te-storia-terroir-varieta\/","title":{"rendered":"T\u00e8 &#8211; Storia, Terroir, Variet\u00e0"},"content":{"rendered":"<div>Non solo una bevanda dai rituali perfetti e dai consumi classici, ma anche un elemento eclettico nella gastronomia moderna, quale ingrediente e abbinamento nei cocktail e nei piatti di cucina che grandi chef hanno contribuito a sviluppare in questo libro. Una nuova visione del t\u00e8, abbinato ai cibi e ai distillati pi\u00f9 preziosi, e osservato scientificamente attraverso gli occhi della chimica.<\/div>\n<div>Un libro che non trascura nulla del fascino del t\u00e8.<\/div>\n\n    <div class=\"xs_social_share_widget xs_share_url after_content \t\tmain_content  wslu-style-1 wslu-share-box-shaped wslu-fill-colored wslu-none wslu-share-horizontal wslu-theme-font-no wslu-main_content\">\n\n\t\t\n        <ul>\n\t\t\t        <\/ul>\n    <\/div> \n","protected":false},"excerpt":{"rendered":"<div>Nel corso della storia il t\u00e8 ha letteralmente fatto il giro del mondo per riuscire a diventare la bevanda pi\u00f9 consumata.<\/div>\n<div>Dentro di s\u00e9 conserva ancora tutta la sua complessit\u00e0, un mondo da scoprire fatto di diverse famiglie di t\u00e8, di differenti stili di coltivazione, una cartina di diversi luoghi e terroir in cui ogni sfumatura \u00e8 pienamente rappresentata nel gusto e nell\u2019estetica del t\u00e8.<\/div>\n<p> [&#8230;]<\/p>\n<p><a class=\"btn btn-secondary understrap-read-more-link\" href=\"https:\/\/www.barproject.it\/en\/shop\/te-storia-terroir-varieta\/\">Read More&#8230;<span class=\"screen-reader-text\"> from T\u00e8 &#8211; Storia, Terroir, Variet\u00e0<\/span><\/a><\/p>\n","protected":false},"featured_media":1426,"template":"","meta":{"_acf_changed":false,"pmpro_default_level":""},"product_cat":[29,23],"product_tag":[],"class_list":{"0":"post-1425","1":"product","2":"type-product","3":"status-publish","4":"has-post-thumbnail","6":"product_cat-libri-di-approfondimento","7":"product_cat-shop","8":"pmpro-has-access","9":"post","11":"first","12":"instock","13":"shipping-taxable","14":"purchasable","15":"product-type-simple"},"acf":[],"yoast_head":"<!-- This site is optimized with the Yoast SEO plugin v23.1 - https:\/\/yoast.com\/wordpress\/plugins\/seo\/ -->\n<title>T\u00e8 - Storia, Terroir, Variet\u00e0[:] - Barproject Academy<\/title>\n<meta name=\"description\" content=\"Non solo una bevanda dai rituali perfetti e dai consumi classici, ma anche un elemento eclettico nella gastronomia moderna, quale ingrediente e abbinamento nei cocktail e nei piatti di cucina che grandi chef hanno contribuito a sviluppare in questo libro.\" \/>\n<meta name=\"robots\" content=\"index, follow, max-snippet:-1, max-image-preview:large, max-video-preview:-1\" \/>\n<link rel=\"canonical\" href=\"https:\/\/www.barproject.it\/shop\/te-storia-terroir-varieta\/\" \/>\n<script type=\"application\/ld+json\" class=\"yoast-schema-graph\">{\"@context\":\"https:\/\/schema.org\",\"@graph\":[{\"@type\":\"BreadcrumbList\",\"@id\":\"https:\/\/www.barproject.it\/shop\/te-storia-terroir-varieta\/#breadcrumb\",\"itemListElement\":[{\"@type\":\"ListItem\",\"position\":1,\"name\":\"Home\",\"item\":\"https:\/\/www.barproject.it\/\"},{\"@type\":\"ListItem\",\"position\":2,\"name\":\"Products\",\"item\":\"https:\/\/www.barproject.it\/en\/shop\/\"},{\"@type\":\"ListItem\",\"position\":3,\"name\":\"T\u00e8 &#8211; Storia, Terroir, Variet\u00e0\"}]}]}<\/script>\n<!-- \/ Yoast SEO plugin. -->","yoast_head_json":{"title":"T\u00e8 - Storia, Terroir, Variet\u00e0[:] - Barproject Academy","description":"Non solo una bevanda dai rituali perfetti e dai consumi classici, ma anche un elemento eclettico nella gastronomia moderna, quale ingrediente e abbinamento nei cocktail e nei piatti di cucina che grandi chef hanno contribuito a sviluppare in questo libro.","robots":{"index":"index","follow":"follow","max-snippet":"max-snippet:-1","max-image-preview":"max-image-preview:large","max-video-preview":"max-video-preview:-1"},"canonical":"https:\/\/www.barproject.it\/shop\/te-storia-terroir-varieta\/","schema":{"@context":"https:\/\/schema.org","@graph":[{"@type":"BreadcrumbList","@id":"https:\/\/www.barproject.it\/shop\/te-storia-terroir-varieta\/#breadcrumb","itemListElement":[{"@type":"ListItem","position":1,"name":"Home","item":"https:\/\/www.barproject.it\/"},{"@type":"ListItem","position":2,"name":"Products","item":"https:\/\/www.barproject.it\/en\/shop\/"},{"@type":"ListItem","position":3,"name":"T\u00e8 &#8211; Storia, Terroir, Variet\u00e0"}]}]}},"_links":{"self":[{"href":"https:\/\/www.barproject.it\/en\/wp-json\/wp\/v2\/product\/1425"}],"collection":[{"href":"https:\/\/www.barproject.it\/en\/wp-json\/wp\/v2\/product"}],"about":[{"href":"https:\/\/www.barproject.it\/en\/wp-json\/wp\/v2\/types\/product"}],"wp:featuredmedia":[{"embeddable":true,"href":"https:\/\/www.barproject.it\/en\/wp-json\/wp\/v2\/media\/1426"}],"wp:attachment":[{"href":"https:\/\/www.barproject.it\/en\/wp-json\/wp\/v2\/media?parent=1425"}],"wp:term":[{"taxonomy":"product_cat","embeddable":true,"href":"https:\/\/www.barproject.it\/en\/wp-json\/wp\/v2\/product_cat?post=1425"},{"taxonomy":"product_tag","embeddable":true,"href":"https:\/\/www.barproject.it\/en\/wp-json\/wp\/v2\/product_tag?post=1425"}],"curies":[{"name":"wp","href":"https:\/\/api.w.org\/{rel}","templated":true}]}}