{"id":459,"date":"2020-04-06T14:33:57","date_gmt":"2020-04-06T13:33:57","guid":{"rendered":"https:\/\/www.barproject.it\/?post_type=product&#038;p=459"},"modified":"2026-04-10T08:38:19","modified_gmt":"2026-04-10T07:38:19","slug":"basic-bartending-online-classroom","status":"publish","type":"product","link":"https:\/\/www.barproject.it\/en\/academy\/basic-bartending-online-classroom\/","title":{"rendered":"Basic Bartending | Online Classroom"},"content":{"rendered":"<p>Basic Bartending | Online Classroom \u00e8 il primo corso per barman online professionale svolto interamente da casa tua con la supervisione in real time di un trainer di Barproject Academy dedicato a massimo 4 corsisti. Partecipare \u00e8 facile, ti servono solo un dispositivo con internet, un tavolo e un frigorifero. Noi invieremo il resto direttamente a casa tua: un kit che comprende attrezzatura professionale da bar, maglia BP Academy, borsa, manuale e ingredienti per i cocktail. Non \u00e8 il solito corso barman online, \u00e8 molto di pi\u00f9: \u00e8 un corso interattivo in cui sarai seguito passo passo, potrai interagire, avrai consigli personalizzati e un kit professionale per diventare un vero bartender.<\/p>\n\n    <div class=\"xs_social_share_widget xs_share_url after_content \t\tmain_content  wslu-style-1 wslu-share-box-shaped wslu-fill-colored wslu-none wslu-share-horizontal wslu-theme-font-no wslu-main_content\">\n\n\t\t\n        <ul>\n\t\t\t        <\/ul>\n    <\/div> \n","protected":false},"excerpt":{"rendered":"<p><a class=\"box-online\" style=\"font-weight: 600; border: 1px solid; padding: 15px; margin: 15px 0; display: block; text-align: center; background: #000; color: #fff; text-transform: uppercase; text-decoration: none;\" href=\"https:\/\/www.barproject.it\/prodotto\/basic-bartending-online-1-to-1\/\">VUOI UN CORSO SOLO PER TE? CLICCA QUI<\/a> [&#8230;]<\/p>\n<p><a class=\"btn btn-secondary understrap-read-more-link\" href=\"https:\/\/www.barproject.it\/en\/academy\/basic-bartending-online-classroom\/\">Read More&#8230;<span class=\"screen-reader-text\"> from Basic Bartending | Online Classroom<\/span><\/a><\/p>\n","protected":false},"featured_media":501,"template":"","meta":{"_acf_changed":false,"pmpro_default_level":""},"product_cat":[2135,2232],"product_tag":[],"class_list":{"0":"post-459","1":"product","2":"type-product","3":"status-publish","4":"has-post-thumbnail","6":"product_cat-academy","7":"product_cat-corso-online-academy","8":"pmpro-has-access","9":"post","11":"first","12":"instock","13":"sold-individually","14":"shipping-taxable","15":"purchasable","16":"product-type-simple"},"acf":[],"yoast_head":"<!-- This site is optimized with the Yoast SEO plugin v23.1 - https:\/\/yoast.com\/wordpress\/plugins\/seo\/ -->\n<title>Corso Barman Online: Basic Bartanding - Barproject Academy<\/title>\n<meta name=\"description\" content=\"Impara le nozioni base per diventare barman. Attestato riconosciuto a livello internazionale. 9 su 10 trovano lavoro subito dopo! Scopri BP Academy a Bari.\" \/>\n<meta name=\"robots\" content=\"index, follow, max-snippet:-1, max-image-preview:large, max-video-preview:-1\" \/>\n<link rel=\"canonical\" href=\"https:\/\/www.barproject.it\/academy\/basic-bartending-online-classroom\/\" \/>\n<script type=\"application\/ld+json\" class=\"yoast-schema-graph\">{\"@context\":\"https:\/\/schema.org\",\"@graph\":[{\"@type\":\"BreadcrumbList\",\"@id\":\"https:\/\/www.barproject.it\/academy\/basic-bartending-online-classroom\/#breadcrumb\",\"itemListElement\":[{\"@type\":\"ListItem\",\"position\":1,\"name\":\"Home\",\"item\":\"https:\/\/www.barproject.it\/\"},{\"@type\":\"ListItem\",\"position\":2,\"name\":\"Products\",\"item\":\"https:\/\/www.barproject.it\/en\/shop\/\"},{\"@type\":\"ListItem\",\"position\":3,\"name\":\"Basic Bartending | Online Classroom\"}]}]}<\/script>\n<!-- \/ Yoast SEO plugin. -->","yoast_head_json":{"title":"Corso Barman Online: Basic Bartanding - Barproject Academy","description":"Impara le nozioni base per diventare barman. Attestato riconosciuto a livello internazionale. 9 su 10 trovano lavoro subito dopo! Scopri BP Academy a Bari.","robots":{"index":"index","follow":"follow","max-snippet":"max-snippet:-1","max-image-preview":"max-image-preview:large","max-video-preview":"max-video-preview:-1"},"canonical":"https:\/\/www.barproject.it\/academy\/basic-bartending-online-classroom\/","schema":{"@context":"https:\/\/schema.org","@graph":[{"@type":"BreadcrumbList","@id":"https:\/\/www.barproject.it\/academy\/basic-bartending-online-classroom\/#breadcrumb","itemListElement":[{"@type":"ListItem","position":1,"name":"Home","item":"https:\/\/www.barproject.it\/"},{"@type":"ListItem","position":2,"name":"Products","item":"https:\/\/www.barproject.it\/en\/shop\/"},{"@type":"ListItem","position":3,"name":"Basic Bartending | Online Classroom"}]}]}},"_links":{"self":[{"href":"https:\/\/www.barproject.it\/en\/wp-json\/wp\/v2\/product\/459"}],"collection":[{"href":"https:\/\/www.barproject.it\/en\/wp-json\/wp\/v2\/product"}],"about":[{"href":"https:\/\/www.barproject.it\/en\/wp-json\/wp\/v2\/types\/product"}],"wp:featuredmedia":[{"embeddable":true,"href":"https:\/\/www.barproject.it\/en\/wp-json\/wp\/v2\/media\/501"}],"wp:attachment":[{"href":"https:\/\/www.barproject.it\/en\/wp-json\/wp\/v2\/media?parent=459"}],"wp:term":[{"taxonomy":"product_cat","embeddable":true,"href":"https:\/\/www.barproject.it\/en\/wp-json\/wp\/v2\/product_cat?post=459"},{"taxonomy":"product_tag","embeddable":true,"href":"https:\/\/www.barproject.it\/en\/wp-json\/wp\/v2\/product_tag?post=459"}],"curies":[{"name":"wp","href":"https:\/\/api.w.org\/{rel}","templated":true}]}}